{"id":640,"date":"2016-08-02T17:08:26","date_gmt":"2016-08-02T17:08:26","guid":{"rendered":"http:\/\/linkandocomale.com\/novo\/?page_id=640"},"modified":"2016-08-07T21:18:58","modified_gmt":"2016-08-07T21:18:58","slug":"portugal","status":"publish","type":"page","link":"http:\/\/linkandocomale.com\/novo\/portugal\/","title":{"rendered":"Portugal"},"content":{"rendered":"<p>Portugal \u00e9 um pa\u00eds encantador, acolhedor, po\u00e9tico.<\/p>\n<p>A sua Hist\u00f3ria est\u00e1 gravada em todas as suas cidades.<\/p>\n<p>Foi uma viagem inesquec\u00edvel,feita em fam\u00edlia.<\/p>\n<p>Chamou-me aten\u00e7\u00e3o o amor e respeito do portugu\u00eas pelo seu pa\u00eds. Um povo culto e educado.<\/p>\n<p>Conhecer Portugal foi muito importante, foi um encontro com as ra\u00edzes.<\/p>\n<p>Tivemos na regi\u00e3o do Porto e Minho a assessoria da Ag\u00eancia de Turismo &#8220;O Meu Tour Portugal&#8221; na pessoa do Sr. Albino,<\/p>\n<p>um \u00f3timo guia tur\u00edstico que nos orientou no per\u00edodo que l\u00e1 estivemos.<\/p>\n<p>Em Lisboa tivemos a assessoria e companhia do Sr. Marcelo um \u00f3timo guia turi\u00edstico que nos foi indicado por um casal amigo.<\/p>\n","protected":false},"excerpt":{"rendered":"<p>Portugal \u00e9 um pa\u00eds encantador, acolhedor, po\u00e9tico. A sua Hist\u00f3ria est\u00e1 gravada em todas as suas cidades. Foi uma viagem inesquec\u00edvel,feita em fam\u00edlia. Chamou-me aten\u00e7\u00e3o o amor e respeito do portugu\u00eas pelo seu pa\u00eds. Um povo culto e educado. Conhecer &hellip; <a href=\"http:\/\/linkandocomale.com\/novo\/portugal\/\">leia mais<\/a><\/p>\n","protected":false},"author":1,"featured_media":0,"parent":0,"menu_order":0,"comment_status":"open","ping_status":"open","template":"page-blog-grid.php","meta":[],"_links":{"self":[{"href":"http:\/\/linkandocomale.com\/novo\/wp-json\/wp\/v2\/pages\/640"}],"collection":[{"href":"http:\/\/linkandocomale.com\/novo\/wp-json\/wp\/v2\/pages"}],"about":[{"href":"http:\/\/linkandocomale.com\/novo\/wp-json\/wp\/v2\/types\/page"}],"author":[{"embeddable":true,"href":"http:\/\/linkandocomale.com\/novo\/wp-json\/wp\/v2\/users\/1"}],"replies":[{"embeddable":true,"href":"http:\/\/linkandocomale.com\/novo\/wp-json\/wp\/v2\/comments?post=640"}],"version-history":[{"count":4,"href":"http:\/\/linkandocomale.com\/novo\/wp-json\/wp\/v2\/pages\/640\/revisions"}],"predecessor-version":[{"id":798,"href":"http:\/\/linkandocomale.com\/novo\/wp-json\/wp\/v2\/pages\/640\/revisions\/798"}],"wp:attachment":[{"href":"http:\/\/linkandocomale.com\/novo\/wp-json\/wp\/v2\/media?parent=640"}],"curies":[{"name":"wp","href":"https:\/\/api.w.org\/{rel}","templated":true}]}}