{"id":362,"date":"2016-04-06T13:45:22","date_gmt":"2016-04-06T13:45:22","guid":{"rendered":"http:\/\/linkandocomale.com\/novo\/?page_id=362"},"modified":"2016-04-06T14:17:19","modified_gmt":"2016-04-06T14:17:19","slug":"preces-2","status":"publish","type":"page","link":"http:\/\/linkandocomale.com\/novo\/preces-2\/","title":{"rendered":"Preces"},"content":{"rendered":"<p>A prece \u00e9 uma liga\u00e7\u00e3o imediata da nossa ess\u00eancia com a espiritualidade e com estas aqui registradas tamb\u00e9m recordo de algumas pessoas e fases da vida.Foi na inf\u00e2ncia que aprendi a do Anjo da Guarda e a de S\u00e3o Francisco foi um pouco mais tarde.O Pai Nosso \u00e9 a prece di\u00e1ria e as demais aprendi na idade adulta.Todas elas s\u00e3o lindas quando feitas em total sintonia com o plano maior.<\/p>\n<p>&nbsp;<\/p>\n","protected":false},"excerpt":{"rendered":"<p>A prece \u00e9 uma liga\u00e7\u00e3o imediata da nossa ess\u00eancia com a espiritualidade e com estas aqui registradas tamb\u00e9m recordo de algumas pessoas e fases da vida.Foi na inf\u00e2ncia que aprendi a do Anjo da Guarda e a de S\u00e3o Francisco &hellip; <a href=\"http:\/\/linkandocomale.com\/novo\/preces-2\/\">leia mais<\/a><\/p>\n","protected":false},"author":1,"featured_media":0,"parent":0,"menu_order":0,"comment_status":"open","ping_status":"open","template":"page-blog-grid.php","meta":[],"_links":{"self":[{"href":"http:\/\/linkandocomale.com\/novo\/wp-json\/wp\/v2\/pages\/362"}],"collection":[{"href":"http:\/\/linkandocomale.com\/novo\/wp-json\/wp\/v2\/pages"}],"about":[{"href":"http:\/\/linkandocomale.com\/novo\/wp-json\/wp\/v2\/types\/page"}],"author":[{"embeddable":true,"href":"http:\/\/linkandocomale.com\/novo\/wp-json\/wp\/v2\/users\/1"}],"replies":[{"embeddable":true,"href":"http:\/\/linkandocomale.com\/novo\/wp-json\/wp\/v2\/comments?post=362"}],"version-history":[{"count":3,"href":"http:\/\/linkandocomale.com\/novo\/wp-json\/wp\/v2\/pages\/362\/revisions"}],"predecessor-version":[{"id":380,"href":"http:\/\/linkandocomale.com\/novo\/wp-json\/wp\/v2\/pages\/362\/revisions\/380"}],"wp:attachment":[{"href":"http:\/\/linkandocomale.com\/novo\/wp-json\/wp\/v2\/media?parent=362"}],"curies":[{"name":"wp","href":"https:\/\/api.w.org\/{rel}","templated":true}]}}