{"id":354,"date":"2016-04-01T17:56:41","date_gmt":"2016-04-01T17:56:41","guid":{"rendered":"http:\/\/linkandocomale.com\/novo\/?page_id=354"},"modified":"2016-04-01T17:59:25","modified_gmt":"2016-04-01T17:59:25","slug":"pensamentos","status":"publish","type":"page","link":"http:\/\/linkandocomale.com\/novo\/pensamentos\/","title":{"rendered":"Pensamentos"},"content":{"rendered":"<p class=\"textogeral\">Tenha sempre presente que a pele enruga, o cabelo embranquece, os dias convertem-se em anos&#8230;<br \/>\nMas o que \u00e9 importante n\u00e3o muda; a sua for\u00e7a e convic\u00e7\u00e3o n\u00e3o t\u00eam idade.<br \/>\nO seu esp\u00edrito \u00e9 como qualquer teia de aranha.<br \/>\nAtr\u00e1s de cada linha de chegada, h\u00e1 uma de partida.<br \/>\nAtr\u00e1s de cada conquista, vem um novo desafio.<br \/>\nEnquanto estiver vivo, sinta-se vivo &#8230;<br \/>\nSe sentir saudades do que fazia, volte a faz\u00ea-lo.<br \/>\nN\u00e3o viva de fotografias amarelecidas&#8230;<br \/>\nContinue, quando todos esperam que desista.<br \/>\nN\u00e3o deixe que enferruje o ferro que existe em voc\u00ea.<br \/>\nFa\u00e7a com que em vez de pena, tenham respeito por voc\u00ea.<br \/>\nQuando n\u00e3o conseguir mais correr atrav\u00e9s dos anos, trote.<br \/>\nQuando n\u00e3o conseguir trotar, caminhe. Quando n\u00e3o conseguir mais caminhar, use uma bengala, mas nunca se detenhas!!!<br \/>\n(Madre Teresa de Calcut\u00e1)<\/p>\n<p class=\"textogeral\">Este pensamento da Madre Teresa de Calcut\u00e1 tem a capacidade de nos fazer ter for\u00e7a para buscar caminhos, solu\u00e7\u00f5es e por isto deixo aqui registrado.<\/p>\n<p class=\"textogeral\">Na juventude li o livro o Profeta de Kalil Gibran e me encantei. Anotei aqui alguns pensamentos do Gibran e de outros autores.<\/p>\n<p class=\"textogeral\">\n<p><\/br><\/p>\n","protected":false},"excerpt":{"rendered":"<p>Tenha sempre presente que a pele enruga, o cabelo embranquece, os dias convertem-se em anos&#8230; Mas o que \u00e9 importante n\u00e3o muda; a sua for\u00e7a e convic\u00e7\u00e3o n\u00e3o t\u00eam idade. O seu esp\u00edrito \u00e9 como qualquer teia de aranha. Atr\u00e1s &hellip; <a href=\"http:\/\/linkandocomale.com\/novo\/pensamentos\/\">leia mais<\/a><\/p>\n","protected":false},"author":1,"featured_media":0,"parent":0,"menu_order":0,"comment_status":"open","ping_status":"open","template":"page-blog-grid.php","meta":[],"_links":{"self":[{"href":"http:\/\/linkandocomale.com\/novo\/wp-json\/wp\/v2\/pages\/354"}],"collection":[{"href":"http:\/\/linkandocomale.com\/novo\/wp-json\/wp\/v2\/pages"}],"about":[{"href":"http:\/\/linkandocomale.com\/novo\/wp-json\/wp\/v2\/types\/page"}],"author":[{"embeddable":true,"href":"http:\/\/linkandocomale.com\/novo\/wp-json\/wp\/v2\/users\/1"}],"replies":[{"embeddable":true,"href":"http:\/\/linkandocomale.com\/novo\/wp-json\/wp\/v2\/comments?post=354"}],"version-history":[{"count":7,"href":"http:\/\/linkandocomale.com\/novo\/wp-json\/wp\/v2\/pages\/354\/revisions"}],"predecessor-version":[{"id":361,"href":"http:\/\/linkandocomale.com\/novo\/wp-json\/wp\/v2\/pages\/354\/revisions\/361"}],"wp:attachment":[{"href":"http:\/\/linkandocomale.com\/novo\/wp-json\/wp\/v2\/media?parent=354"}],"curies":[{"name":"wp","href":"https:\/\/api.w.org\/{rel}","templated":true}]}}