{"id":351,"date":"2016-04-01T17:53:07","date_gmt":"2016-04-01T17:53:07","guid":{"rendered":"http:\/\/linkandocomale.com\/novo\/?page_id=351"},"modified":"2016-04-13T13:37:00","modified_gmt":"2016-04-13T13:37:00","slug":"photoshop-2","status":"publish","type":"page","link":"http:\/\/linkandocomale.com\/novo\/photoshop-2\/","title":{"rendered":"Photoshop"},"content":{"rendered":"<p>Iniciei o aprendizado de Photoshop em Junho de 2009 ocasi\u00e3o em que conheci Daniel Moscardo, um jovem professor com muita paci\u00eancia com iniciantes. Naquela \u00e9poca estava me preparando para a aposentadoria que aconteceu pouco tempo depois.<\/p>\n<p>Nesse espa\u00e7o colocarei alguns trabalhos feitos no per\u00edodo.<\/p>\n<p>&nbsp;<\/p>\n","protected":false},"excerpt":{"rendered":"<p>Iniciei o aprendizado de Photoshop em Junho de 2009 ocasi\u00e3o em que conheci Daniel Moscardo, um jovem professor com muita paci\u00eancia com iniciantes. Naquela \u00e9poca estava me preparando para a aposentadoria que aconteceu pouco tempo depois. Nesse espa\u00e7o colocarei alguns &hellip; <a href=\"http:\/\/linkandocomale.com\/novo\/photoshop-2\/\">leia mais<\/a><\/p>\n","protected":false},"author":1,"featured_media":0,"parent":0,"menu_order":0,"comment_status":"open","ping_status":"open","template":"page-blog-grid.php","meta":[],"_links":{"self":[{"href":"http:\/\/linkandocomale.com\/novo\/wp-json\/wp\/v2\/pages\/351"}],"collection":[{"href":"http:\/\/linkandocomale.com\/novo\/wp-json\/wp\/v2\/pages"}],"about":[{"href":"http:\/\/linkandocomale.com\/novo\/wp-json\/wp\/v2\/types\/page"}],"author":[{"embeddable":true,"href":"http:\/\/linkandocomale.com\/novo\/wp-json\/wp\/v2\/users\/1"}],"replies":[{"embeddable":true,"href":"http:\/\/linkandocomale.com\/novo\/wp-json\/wp\/v2\/comments?post=351"}],"version-history":[{"count":3,"href":"http:\/\/linkandocomale.com\/novo\/wp-json\/wp\/v2\/pages\/351\/revisions"}],"predecessor-version":[{"id":386,"href":"http:\/\/linkandocomale.com\/novo\/wp-json\/wp\/v2\/pages\/351\/revisions\/386"}],"wp:attachment":[{"href":"http:\/\/linkandocomale.com\/novo\/wp-json\/wp\/v2\/media?parent=351"}],"curies":[{"name":"wp","href":"https:\/\/api.w.org\/{rel}","templated":true}]}}