{"id":107,"date":"2015-10-14T13:51:26","date_gmt":"2015-10-14T13:51:26","guid":{"rendered":"http:\/\/linkandocomale.com\/novo\/?page_id=107"},"modified":"2016-08-12T00:10:10","modified_gmt":"2016-08-12T00:10:10","slug":"loren","status":"publish","type":"page","link":"http:\/\/linkandocomale.com\/novo\/loren\/","title":{"rendered":"Loren"},"content":{"rendered":"<p class=\"textogeral\">Loren Maison Du Petit Chien \u00e9 o nome completo que consta no pedigree desta encantadora Lhasa Apso que entrou na minha vida no dia 1\u00ba de Mar\u00e7o de 2003, um s\u00e1bado de carnaval. Como foi\u00a0apaixonante a conviv\u00eancia com este pequeno ser. Pequeno no tamanho porque era\u00a0imenso na emo\u00e7\u00e3o, no afeto, na amizade. Uma ternura de animal. Esta ra\u00e7a tem um carisma imenso. Planejei muito antes de adquiri-la. Primeiro li sobre as v\u00e1rias ra\u00e7as, suas caracter\u00edsticas, capacidade de ficar s\u00f3 algumas horas, freq\u00fc\u00eancias de problemas de sa\u00fade, em fim procurei ter algum conhecimento antes de fazer a escolha. Finalmente escolhi que seria uma Lhasa e quando cheguei ao local e vi a ninhada senti que aquela cadelinha seria a minha Loren, pois at\u00e9 o nome eu j\u00e1 havia escolhido antes. Costumo dizer que ela foi\u00a0um presente que o universo me proporcionou. Precisava viver esta experi\u00eancia que foi\u00a0muito gratificante. A ra\u00e7a requer muitos cuidados principalmente com o trato da pelagem e as alergias. Devido a problemas al\u00e9rgicos ela \u00a0teve muitas restri\u00e7\u00f5es alimentares. Tentamos v\u00e1rias ra\u00e7\u00f5es, mas n\u00e3o houve jeito, a pele s\u00f3 melhorou quando abolimos ra\u00e7\u00e3o.Uma \u00e9poca s\u00f3 comia coelho ou carneiro e depois frango.Tamb\u00e9m foi testado peixe e finalmente com ajuda da homeopatia estava comendo carne mo\u00edda misturada com ma\u00e7\u00e3 ralada. Adorou este prato. Uma \u00e9poca curtiu alface, suco de mam\u00e3o mas logo desistiu. Era\u00a0uma gra\u00e7a ver a rea\u00e7\u00e3o dela com a cereja, deixava o caro\u00e7o limpinho. Tamb\u00e9m comia\u00a0cenoura ralada.<\/p>\n<p class=\"textogeral\">Loren foi curtida, amada, foi sempre tratada como uma filha. Teve problemas articulares, fez Acupuntura e Laser. Em maio de 2015 foi detectado um tumor pulmonar inoper\u00e1vel, fez quimioterapia mas em 29 de outubro ela partiu deixando um vazio que s\u00f3 entende quem cria um bichinho, Comecei a elaborar esta p\u00e1gina uma semana antes dela morrer mas s\u00f3 agora estou encontrando for\u00e7as para torna-la realidade.<\/p>\n<p class=\"textogeral\">Este espa\u00e7o \u00e9 a minha homenagem a esse ser maravilhoso que conseguia se comunicar com o olhar , com os gestos. Entendia tudo, s\u00f3 faltava falar. Aqui colocarei algumas fotos deste meu encanto que trouxe uma ternura imensa \u00e0 minha vida.<\/p>\n<p class=\"textogeral\">Minha Loren.<\/p>\n<div id=\"kad-wp-gallery90\" class=\"kad-wp-gallery init-isotope kad-light-wp-gallery clearfix rowtight\" data-fade-in=\"1\" data-iso-selector=\".g_item\"><div class=\"tcol-lg-4 tcol-md-4 tcol-sm-4 tcol-xs-6 tcol-ss-12 g_item\"><div class=\"grid_item kt_item_fade_in kad_gallery_fade_in gallery_item\"><a href=\"http:\/\/linkandocomale.com\/novo\/wp-content\/uploads\/2015\/10\/loren_bolaosso_grd.jpg\" rel=\"lightbox[pp_gal]\" class=\"lightboxhover\">\n                          <img src=\"http:\/\/linkandocomale.com\/novo\/wp-content\/uploads\/2015\/10\/loren_bolaosso_grd-366x513.jpg\" alt=\"\" class=\"light-dropshaddow\"\/><\/a><\/div><\/div><div class=\"tcol-lg-4 tcol-md-4 tcol-sm-4 tcol-xs-6 tcol-ss-12 g_item\"><div class=\"grid_item kt_item_fade_in kad_gallery_fade_in gallery_item\"><a href=\"http:\/\/linkandocomale.com\/novo\/wp-content\/uploads\/2015\/10\/loren_chinelo_grd.jpg\" rel=\"lightbox[pp_gal]\" class=\"lightboxhover\">\n                          <img src=\"http:\/\/linkandocomale.com\/novo\/wp-content\/uploads\/2015\/10\/loren_chinelo_grd-366x480.jpg\" alt=\"\" class=\"light-dropshaddow\"\/><\/a><\/div><\/div><div class=\"tcol-lg-4 tcol-md-4 tcol-sm-4 tcol-xs-6 tcol-ss-12 g_item\"><div class=\"grid_item kt_item_fade_in kad_gallery_fade_in gallery_item\"><a href=\"http:\/\/linkandocomale.com\/novo\/wp-content\/uploads\/2015\/10\/loren_meuencanto_grd.jpg\" rel=\"lightbox[pp_gal]\" class=\"lightboxhover\">\n                          <img src=\"http:\/\/linkandocomale.com\/novo\/wp-content\/uploads\/2015\/10\/loren_meuencanto_grd-366x268.jpg\" alt=\"\" class=\"light-dropshaddow\"\/><\/a><\/div><\/div><div class=\"tcol-lg-4 tcol-md-4 tcol-sm-4 tcol-xs-6 tcol-ss-12 g_item\"><div class=\"grid_item kt_item_fade_in kad_gallery_fade_in gallery_item\"><a href=\"http:\/\/linkandocomale.com\/novo\/wp-content\/uploads\/2015\/10\/lorenbranco_grd.jpg\" rel=\"lightbox[pp_gal]\" class=\"lightboxhover\">\n                          <img src=\"http:\/\/linkandocomale.com\/novo\/wp-content\/uploads\/2015\/10\/lorenbranco_grd-366x519.jpg\" alt=\"\" class=\"light-dropshaddow\"\/><\/a><\/div><\/div><div class=\"tcol-lg-4 tcol-md-4 tcol-sm-4 tcol-xs-6 tcol-ss-12 g_item\"><div class=\"grid_item kt_item_fade_in kad_gallery_fade_in gallery_item\"><a href=\"http:\/\/linkandocomale.com\/novo\/wp-content\/uploads\/2015\/10\/lorenchao_grd.jpg\" rel=\"lightbox[pp_gal]\" class=\"lightboxhover\">\n                          <img src=\"http:\/\/linkandocomale.com\/novo\/wp-content\/uploads\/2015\/10\/lorenchao_grd-366x328.jpg\" alt=\"\" class=\"light-dropshaddow\"\/><\/a><\/div><\/div><div class=\"tcol-lg-4 tcol-md-4 tcol-sm-4 tcol-xs-6 tcol-ss-12 g_item\"><div class=\"grid_item kt_item_fade_in kad_gallery_fade_in gallery_item\"><a href=\"http:\/\/linkandocomale.com\/novo\/wp-content\/uploads\/2015\/10\/lorenlinda_grd.jpg\" rel=\"lightbox[pp_gal]\" class=\"lightboxhover\">\n                          <img src=\"http:\/\/linkandocomale.com\/novo\/wp-content\/uploads\/2015\/10\/lorenlinda_grd-366x253.jpg\" alt=\"\" class=\"light-dropshaddow\"\/><\/a><\/div><\/div><div class=\"tcol-lg-4 tcol-md-4 tcol-sm-4 tcol-xs-6 tcol-ss-12 g_item\"><div class=\"grid_item kt_item_fade_in kad_gallery_fade_in gallery_item\"><a href=\"http:\/\/linkandocomale.com\/novo\/wp-content\/uploads\/2015\/10\/lorenlingua2_grd.jpg\" rel=\"lightbox[pp_gal]\" class=\"lightboxhover\">\n                          <img src=\"http:\/\/linkandocomale.com\/novo\/wp-content\/uploads\/2015\/10\/lorenlingua2_grd-366x374.jpg\" alt=\"\" class=\"light-dropshaddow\"\/><\/a><\/div><\/div><div class=\"tcol-lg-4 tcol-md-4 tcol-sm-4 tcol-xs-6 tcol-ss-12 g_item\"><div class=\"grid_item kt_item_fade_in kad_gallery_fade_in gallery_item\"><a href=\"http:\/\/linkandocomale.com\/novo\/wp-content\/uploads\/2015\/10\/lorenmeuamor_grd.jpg\" rel=\"lightbox[pp_gal]\" class=\"lightboxhover\">\n                          <img src=\"http:\/\/linkandocomale.com\/novo\/wp-content\/uploads\/2015\/10\/lorenmeuamor_grd-366x418.jpg\" alt=\"\" class=\"light-dropshaddow\"\/><\/a><\/div><\/div><div class=\"tcol-lg-4 tcol-md-4 tcol-sm-4 tcol-xs-6 tcol-ss-12 g_item\"><div class=\"grid_item kt_item_fade_in kad_gallery_fade_in gallery_item\"><a href=\"http:\/\/linkandocomale.com\/novo\/wp-content\/uploads\/2015\/10\/lorensapato_grdj.jpg\" rel=\"lightbox[pp_gal]\" class=\"lightboxhover\">\n                          <img src=\"http:\/\/linkandocomale.com\/novo\/wp-content\/uploads\/2015\/10\/lorensapato_grdj-366x258.jpg\" alt=\"\" class=\"light-dropshaddow\"\/><\/a><\/div><\/div><div class=\"tcol-lg-4 tcol-md-4 tcol-sm-4 tcol-xs-6 tcol-ss-12 g_item\"><div class=\"grid_item kt_item_fade_in kad_gallery_fade_in gallery_item\"><a href=\"http:\/\/linkandocomale.com\/novo\/wp-content\/uploads\/2015\/10\/loren4_16.jpg\" rel=\"lightbox[pp_gal]\" class=\"lightboxhover\">\n                          <img src=\"http:\/\/linkandocomale.com\/novo\/wp-content\/uploads\/2015\/10\/loren4_16-366x260.jpg\" alt=\"\" class=\"light-dropshaddow\"\/><\/a><\/div><\/div><div class=\"tcol-lg-4 tcol-md-4 tcol-sm-4 tcol-xs-6 tcol-ss-12 g_item\"><div class=\"grid_item kt_item_fade_in kad_gallery_fade_in gallery_item\"><a href=\"http:\/\/linkandocomale.com\/novo\/wp-content\/uploads\/2015\/10\/loren-amor.jpg\" rel=\"lightbox[pp_gal]\" class=\"lightboxhover\">\n                          <img src=\"http:\/\/linkandocomale.com\/novo\/wp-content\/uploads\/2015\/10\/loren-amor-366x280.jpg\" alt=\"\" class=\"light-dropshaddow\"\/><\/a><\/div><\/div><div class=\"tcol-lg-4 tcol-md-4 tcol-sm-4 tcol-xs-6 tcol-ss-12 g_item\"><div class=\"grid_item kt_item_fade_in kad_gallery_fade_in gallery_item\"><a href=\"http:\/\/linkandocomale.com\/novo\/wp-content\/uploads\/2015\/10\/minhaloren_amor.jpg\" rel=\"lightbox[pp_gal]\" class=\"lightboxhover\">\n                          <img src=\"http:\/\/linkandocomale.com\/novo\/wp-content\/uploads\/2015\/10\/minhaloren_amor-366x382.jpg\" alt=\"\" class=\"light-dropshaddow\"\/><\/a><\/div><\/div><div class=\"tcol-lg-4 tcol-md-4 tcol-sm-4 tcol-xs-6 tcol-ss-12 g_item\"><div class=\"grid_item kt_item_fade_in kad_gallery_fade_in gallery_item\"><a href=\"http:\/\/linkandocomale.com\/novo\/wp-content\/uploads\/2015\/10\/loren_brinquedos.jpg\" rel=\"lightbox[pp_gal]\" class=\"lightboxhover\">\n                          <img src=\"http:\/\/linkandocomale.com\/novo\/wp-content\/uploads\/2015\/10\/loren_brinquedos-366x304.jpg\" alt=\"\" class=\"light-dropshaddow\"\/><\/a><\/div><\/div><\/div>\n<p class=\"textogeral\">\n","protected":false},"excerpt":{"rendered":"<p>Loren Maison Du Petit Chien \u00e9 o nome completo que consta no pedigree desta encantadora Lhasa Apso que entrou na minha vida no dia 1\u00ba de Mar\u00e7o de 2003, um s\u00e1bado de carnaval. Como foi\u00a0apaixonante a conviv\u00eancia com este pequeno &hellip; <a href=\"http:\/\/linkandocomale.com\/novo\/loren\/\">leia mais<\/a><\/p>\n","protected":false},"author":1,"featured_media":0,"parent":0,"menu_order":0,"comment_status":"open","ping_status":"open","template":"page-fullwidth.php","meta":[],"_links":{"self":[{"href":"http:\/\/linkandocomale.com\/novo\/wp-json\/wp\/v2\/pages\/107"}],"collection":[{"href":"http:\/\/linkandocomale.com\/novo\/wp-json\/wp\/v2\/pages"}],"about":[{"href":"http:\/\/linkandocomale.com\/novo\/wp-json\/wp\/v2\/types\/page"}],"author":[{"embeddable":true,"href":"http:\/\/linkandocomale.com\/novo\/wp-json\/wp\/v2\/users\/1"}],"replies":[{"embeddable":true,"href":"http:\/\/linkandocomale.com\/novo\/wp-json\/wp\/v2\/comments?post=107"}],"version-history":[{"count":10,"href":"http:\/\/linkandocomale.com\/novo\/wp-json\/wp\/v2\/pages\/107\/revisions"}],"predecessor-version":[{"id":1007,"href":"http:\/\/linkandocomale.com\/novo\/wp-json\/wp\/v2\/pages\/107\/revisions\/1007"}],"wp:attachment":[{"href":"http:\/\/linkandocomale.com\/novo\/wp-json\/wp\/v2\/media?parent=107"}],"curies":[{"name":"wp","href":"https:\/\/api.w.org\/{rel}","templated":true}]}}